{"id":5344,"date":"2025-01-09T17:38:02","date_gmt":"2025-01-09T17:38:02","guid":{"rendered":"https:\/\/miamilakesmedicalcenter.com\/programa-una-cita\/"},"modified":"2025-09-25T22:31:38","modified_gmt":"2025-09-25T22:31:38","slug":"programa-una-cita","status":"publish","type":"page","link":"https:\/\/miamilakesmedicalcenter.com\/es\/programa-una-cita\/","title":{"rendered":"Programa una cita"},"content":{"rendered":"\t\t<div data-elementor-type=\"wp-page\" data-elementor-id=\"5344\" class=\"elementor elementor-5344 elementor-5333\" data-elementor-post-type=\"page\">\n\t\t\t\t<div class=\"elementor-element elementor-element-8c9797b e-flex e-con-boxed wpr-particle-no wpr-jarallax-no wpr-parallax-no wpr-sticky-section-no e-con e-parent\" data-id=\"8c9797b\" data-element_type=\"container\">\n\t\t\t\t\t<div class=\"e-con-inner\">\n\t\t<div class=\"elementor-element elementor-element-a834604 e-con-full e-flex wpr-particle-no wpr-jarallax-no wpr-parallax-no wpr-sticky-section-no e-con e-child\" data-id=\"a834604\" data-element_type=\"container\">\n\t\t<div class=\"elementor-element elementor-element-f7396e1 e-con-full e-flex wpr-particle-no wpr-jarallax-no wpr-parallax-no wpr-sticky-section-no e-con e-child\" data-id=\"f7396e1\" data-element_type=\"container\">\n\t\t\t\t<div class=\"elementor-element elementor-element-0e4b04a elementor-widget elementor-widget-heading\" data-id=\"0e4b04a\" data-element_type=\"widget\" data-widget_type=\"heading.default\">\n\t\t\t\t<div class=\"elementor-widget-container\">\n\t\t\t\t\t<h1 class=\"elementor-heading-title elementor-size-default\">Programa una Cita<\/h1>\t\t\t\t<\/div>\n\t\t\t\t<\/div>\n\t\t\t\t<div class=\"elementor-element elementor-element-d8f6a16 elementor-widget elementor-widget-text-editor\" data-id=\"d8f6a16\" data-element_type=\"widget\" data-widget_type=\"text-editor.default\">\n\t\t\t\t<div class=\"elementor-widget-container\">\n\t\t\t\t\t\t\t\t\t<div style=\"text-align: center;\">Podemos Ayudarte!<\/div><div><div>Aclara tus dudas y agenda tu cita con la ayuda de nuestro equipo. Completa tus datos y nos pondremos en contacto contigo de inmediato. Agenda tu consulta hoy mismo!<\/div><\/div>\t\t\t\t\t\t\t\t<\/div>\n\t\t\t\t<\/div>\n\t\t\t\t<div class=\"elementor-element elementor-element-c5a7cc7 elementor-widget__width-inherit elementor-widget-laptop__width-inherit elementor-widget elementor-widget-wpforms\" data-id=\"c5a7cc7\" data-element_type=\"widget\" data-gtm-event_name=\"page_engagement\" data-gtm-component_title=\"Book Appnmt\" data-widget_type=\"wpforms.default\">\n\t\t\t\t<div class=\"elementor-widget-container\">\n\t\t\t\t\t<style id=\"wpforms-css-vars-elementor-widget-c5a7cc7\">\n\t\t\t\t.elementor-widget-wpforms.elementor-element-c5a7cc7 {\n\t\t\t\t--wpforms-field-border-radius: 50px;\n--wpforms-field-background-color: #F1F1F1;\n--wpforms-field-border-color: #FBD82D;\n--wpforms-field-border-color-spare: #FBD82D;\n--wpforms-field-text-color: #000000;\n--wpforms-button-border-radius: 50px;\n--wpforms-button-background-color: #262227;\n--wpforms-button-text-color: #FFFFFF;\n\n\t\t\t}\n\t\t\t<\/style><div class=\"wpforms-container wpforms-container-full book-app-form wpforms-render-modern\" id=\"wpforms-9236\"><form id=\"wpforms-form-9236\" class=\"wpforms-validate wpforms-form wpforms-ajax-form\" data-formid=\"9236\" method=\"post\" enctype=\"multipart\/form-data\" action=\"\/es\/wp-json\/wp\/v2\/pages\/5344\" data-token=\"a11bffa7c33d5e9eda388dd802b4ba59\" data-token-time=\"1776719408\"><noscript class=\"wpforms-error-noscript\">Por favor, activa JavaScript en tu navegador para completar este formulario.<\/noscript><div id=\"wpforms-error-noscript\" style=\"display: none;\">Por favor, activa JavaScript en tu navegador para completar este formulario.<\/div><div class=\"wpforms-field-container\"><div id=\"wpforms-9236-field_1-container\" class=\"wpforms-field wpforms-field-name\" data-field-id=\"1\"><label class=\"wpforms-field-label wpforms-label-hide\" for=\"wpforms-9236-field_1\" aria-hidden=\"false\">Nombre <span class=\"wpforms-required-label\" aria-hidden=\"true\">*<\/span><\/label><input type=\"text\" id=\"wpforms-9236-field_1\" class=\"wpforms-field-large wpforms-field-required\" name=\"wpforms[fields][1]\" placeholder=\"Nombre Completo*\" aria-errormessage=\"wpforms-9236-field_1-error\" required><\/div><div id=\"wpforms-9236-field_2-container\" class=\"wpforms-field wpforms-field-email\" data-field-id=\"2\"><label class=\"wpforms-field-label wpforms-label-hide\" for=\"wpforms-9236-field_2\" aria-hidden=\"false\">Correo<\/label><input type=\"email\" id=\"wpforms-9236-field_2\" class=\"wpforms-field-large\" name=\"wpforms[fields][2]\" placeholder=\"Correo Electr\u00f3nico\" spellcheck=\"false\" aria-errormessage=\"wpforms-9236-field_2-error\" aria-describedby=\"wpforms-9236-field_2-description\" ><div id=\"wpforms-9236-field_2-description\" class=\"wpforms-field-description\">(Requerido)<\/div><\/div><div id=\"wpforms-9236-field_10-container\" class=\"wpforms-field wpforms-field-text\" data-field-id=\"10\"><label class=\"wpforms-field-label wpforms-label-hide\" for=\"wpforms-9236-field_10\" aria-hidden=\"false\">Fecha de Nacimiento<\/label><input type=\"text\" id=\"wpforms-9236-field_10\" class=\"wpforms-field-large wpforms-masked-input\" data-rule-inputmask-incomplete=\"1\" data-inputmask-alias=\"datetime\" data-inputmask-inputformat=\"mm\/dd\/yyyy\" data-inputmask-inputmode=\"numeric\" name=\"wpforms[fields][10]\" placeholder=\"Fecha de Nacimiento\" aria-errormessage=\"wpforms-9236-field_10-error\" aria-describedby=\"wpforms-9236-field_10-description\" ><div id=\"wpforms-9236-field_10-description\" class=\"wpforms-field-description\">(Requerido)<\/div><\/div><div id=\"wpforms-9236-field_3-container\" class=\"wpforms-field wpforms-field-text\" data-field-id=\"3\"><label class=\"wpforms-field-label wpforms-label-hide\" for=\"wpforms-9236-field_3\" aria-hidden=\"false\">N\u00famero de Tel\u00e9fono <span class=\"wpforms-required-label\" aria-hidden=\"true\">*<\/span><\/label><input type=\"text\" id=\"wpforms-9236-field_3\" class=\"wpforms-field-large wpforms-field-required wpforms-masked-input\" data-rule-inputmask-incomplete=\"1\" data-inputmask-mask=\"+1 (999)-999-9999\" name=\"wpforms[fields][3]\" placeholder=\"N\u00famero de Tel\u00e9fono*\" aria-errormessage=\"wpforms-9236-field_3-error\" required><\/div><div id=\"wpforms-9236-field_7-container\" class=\"wpforms-field wpforms-field-select wpforms-conditional-trigger wpforms-field-select-style-modern\" data-field-id=\"7\"><label class=\"wpforms-field-label wpforms-label-hide\" for=\"wpforms-9236-field_7\" aria-hidden=\"false\">Servicio <span class=\"wpforms-required-label\" aria-hidden=\"true\">*<\/span><\/label><select id=\"wpforms-9236-field_7\" class=\"wpforms-field-large wpforms-field-required choicesjs-select\" data-size-class=\"wpforms-field-row wpforms-field-large\" data-search-enabled=\"1\" name=\"wpforms[fields][7]\" required=\"required\"><option value=\"\" class=\"placeholder\" disabled  selected='selected'>Seleccione un Servicio<\/option><option value=\"Disfunci\u00f3n Er\u00e9ctil\" >Disfunci\u00f3n Er\u00e9ctil<\/option><option value=\"Atenci\u00f3n Primaria\" >Atenci\u00f3n Primaria<\/option><option value=\"Rejuvenecimiento Cut\u00e1neo\" >Rejuvenecimiento Cut\u00e1neo<\/option><option value=\"Perdida de Peso\" >Perdida de Peso<\/option><option value=\"Transplante Capilar\" >Transplante Capilar<\/option><option value=\"Terapia Intravenosa\" >Terapia Intravenosa<\/option><option value=\"Asistencia M\u00e9dica en Casa\" >Asistencia M\u00e9dica en Casa<\/option><option value=\"Psiquiatr\u00eda\" >Psiquiatr\u00eda<\/option><option value=\"Tratamientos de Est\u00e9tica\" >Tratamientos de Est\u00e9tica<\/option><\/select><\/div><div id=\"wpforms-9236-field_9-container\" class=\"wpforms-field wpforms-field-date-time wpforms-conditional-field wpforms-conditional-show\" data-field-id=\"9\" style=\"display:none;\"><fieldset><legend class=\"wpforms-field-label wpforms-label-hide\" aria-hidden=\"false\">Fecha \/ Hora para DE<\/legend><div class=\"wpforms-field-row wpforms-field-large\"><div class=\"wpforms-field-row-block wpforms-date-type-datepicker\"><div class=\"wpforms-datepicker-wrap\"><input type=\"text\" id=\"wpforms-9236-field_9\" class=\"wpforms-field-date-time-date wpforms-datepicker\" data-date-format=\"m\/d\/Y\" data-disable-past-dates=\"1\" data-disable-todays-date=\"0\" data-input=\"true\" name=\"wpforms[fields][9][date]\" placeholder=\"Fecha\" aria-errormessage=\"wpforms-9236-field_9-error\" ><a title=\"Borrar fecha\" data-clear role=\"button\" tabindex=\"0\" class=\"wpforms-datepicker-clear\" aria-label=\"Borrar fecha\" style=\"display:none;\"><\/a><\/div><label for=\"wpforms-9236-field_9\" class=\"wpforms-field-sublabel after wpforms-sublabel-hide\">Fecha<\/label><\/div><div class=\"wpforms-field-row-block\"><input type=\"text\" id=\"wpforms-9236-field_9-time\" class=\"wpforms-field-date-time-time wpforms-timepicker\" data-time-format=\"g:i A\" data-step=\"30\" data-rule-time12h=\"true\" name=\"wpforms[fields][9][time]\" placeholder=\"Hora\" aria-errormessage=\"wpforms-9236-field_9-time-error\" ><label for=\"wpforms-9236-field_9-time\" class=\"wpforms-field-sublabel after wpforms-sublabel-hide\">Hora<\/label><\/div><\/div><\/fieldset><\/div>\t\t<div id=\"wpforms-9236-field_4-container\"\n\t\t\tclass=\"wpforms-field wpforms-field-text\"\n\t\t\tdata-field-type=\"text\"\n\t\t\tdata-field-id=\"4\"\n\t\t\t>\n\t\t\t<label class=\"wpforms-field-label\" for=\"wpforms-9236-field_4\" >Nombre \/ Fecha<\/label>\n\t\t\t<input type=\"text\" id=\"wpforms-9236-field_4\" class=\"wpforms-field-medium\" name=\"wpforms[fields][4]\" >\n\t\t<\/div>\n\t\t<div id=\"wpforms-9236-field_6-container\" class=\"wpforms-field wpforms-field-textarea\" data-field-id=\"6\"><label class=\"wpforms-field-label wpforms-label-hide\" for=\"wpforms-9236-field_6\" aria-hidden=\"false\">Mensaje<\/label><textarea id=\"wpforms-9236-field_6\" class=\"wpforms-field-medium\" name=\"wpforms[fields][6]\" placeholder=\"Mensaje\" aria-errormessage=\"wpforms-9236-field_6-error\" ><\/textarea><\/div><div id=\"wpforms-9236-field_11-container\" class=\"wpforms-field wpforms-field-checkbox\" data-field-id=\"11\"><fieldset><legend class=\"wpforms-field-label wpforms-label-hide\" aria-hidden=\"false\">Checkboxes <span class=\"wpforms-required-label\" aria-hidden=\"true\">*<\/span><\/legend><ul id=\"wpforms-9236-field_11\" class=\"wpforms-field-required\"><li class=\"choice-1 depth-1\"><input type=\"checkbox\" id=\"wpforms-9236-field_11_1\" name=\"wpforms[fields][11][]\" value=\"Al enviar esta solicitud, usted acepta recibir correos electr\u00f3nicos de Miami Lakes Medical Center. Para obtener informaci\u00f3n sobre nuestras pr\u00e1cticas de privacidad, consulte nuestra &lt;a href=&quot;https:\/\/miamilakesmedicalcenter.com\/es\/politica-de-privacidad\/&quot;&gt;Pol\u00edtica de Privacidad&lt;\/a&gt;.\" aria-errormessage=\"wpforms-9236-field_11_1-error\" required ><label class=\"wpforms-field-label-inline\" for=\"wpforms-9236-field_11_1\">Al enviar esta solicitud, usted acepta recibir correos electr\u00f3nicos de Miami Lakes Medical Center. Para obtener informaci\u00f3n sobre nuestras pr\u00e1cticas de privacidad, consulte nuestra <a href=\"https:\/\/miamilakesmedicalcenter.com\/es\/politica-de-privacidad\/\">Pol\u00edtica de Privacidad<\/a>.<\/label><\/li><\/ul><\/fieldset><\/div><script>\n\t\t\t\t( function() {\n\t\t\t\t\tconst style = document.createElement( 'style' );\n\t\t\t\t\tstyle.appendChild( document.createTextNode( '#wpforms-9236-field_4-container { position: absolute !important; overflow: hidden !important; display: inline !important; height: 1px !important; width: 1px !important; z-index: -1000 !important; padding: 0 !important; } #wpforms-9236-field_4-container input { visibility: hidden; } #wpforms-conversational-form-page #wpforms-9236-field_4-container label { counter-increment: none; }' ) );\n\t\t\t\t\tdocument.head.appendChild( style );\n\t\t\t\t\tdocument.currentScript?.remove();\n\t\t\t\t} )();\n\t\t\t<\/script><\/div><!-- .wpforms-field-container --><div class=\"wpforms-recaptcha-container wpforms-is-recaptcha wpforms-is-recaptcha-type-v2\" ><div class=\"g-recaptcha\" data-sitekey=\"6LdGGbQqAAAAAFm3CEnaEmRWCaCZdV2YNNTgbzxE\"><\/div><input type=\"text\" name=\"g-recaptcha-hidden\" class=\"wpforms-recaptcha-hidden\" style=\"position:absolute!important;clip:rect(0,0,0,0)!important;height:1px!important;width:1px!important;border:0!important;overflow:hidden!important;padding:0!important;margin:0!important;\" data-rule-recaptcha=\"1\"><\/div><div class=\"wpforms-submit-container\" ><input type=\"hidden\" name=\"wpforms[id]\" value=\"9236\"><input type=\"hidden\" name=\"page_title\" value=\"\"><input type=\"hidden\" name=\"page_url\" value=\"https:\/\/miamilakesmedicalcenter.com\/es\/wp-json\/wp\/v2\/pages\/5344\"><input type=\"hidden\" name=\"url_referer\" value=\"\"><button type=\"submit\" name=\"wpforms[submit]\" id=\"wpforms-submit-9236\" class=\"wpforms-submit book-app-btn\" data-alt-text=\"Sending...\" data-submit-text=\"Programa una Cita\" aria-live=\"assertive\" value=\"wpforms-submit\">Programa una Cita<\/button><img decoding=\"async\" src=\"https:\/\/miamilakesmedicalcenter.com\/wp-content\/plugins\/wpforms\/assets\/images\/submit-spin.svg\" class=\"wpforms-submit-spinner\" style=\"display: none;\" width=\"26\" height=\"26\" alt=\"Cargando\"><\/div><\/form><\/div>  <!-- .wpforms-container -->\t\t\t\t<\/div>\n\t\t\t\t<\/div>\n\t\t\t\t<\/div>\n\t\t\t\t<\/div>\n\t\t\t\t\t<\/div>\n\t\t\t\t<\/div>\n\t\t\t\t<\/div>\n\t\t","protected":false},"excerpt":{"rendered":"<p>Programa una Cita Podemos Ayudarte!Aclara tus dudas y agenda tu cita con la ayuda de nuestro equipo. Completa tus datos y nos pondremos en contacto contigo de inmediato. Agenda tu consulta hoy mismo! Please enable JavaScript in your browser to complete this form.Please enable JavaScript in your browser to complete this form.Nombre *Correo *N\u00famero de Tel\u00e9fono *Servicio *Seleccione un ServicioDisfunci\u00f3n Er\u00e9ctilAtenci\u00f3n PrimariaRejuvenecimiento Cut\u00e1neoPerdida de PesoTransplante CapilarTerapia IntravenosaAsistencia M\u00e9dica en CasaPsiquiatr\u00edaTratamientos de Est\u00e9tica Fecha \/ Hora para DE DateTime Mensaje Programa una Cita<\/p>\n","protected":false},"author":3,"featured_media":0,"parent":0,"menu_order":0,"comment_status":"closed","ping_status":"closed","template":"elementor_header_footer","meta":{"_acf_changed":false,"footnotes":""},"class_list":["post-5344","page","type-page","status-publish","hentry"],"acf":[],"_links":{"self":[{"href":"https:\/\/miamilakesmedicalcenter.com\/es\/wp-json\/wp\/v2\/pages\/5344","targetHints":{"allow":["GET"]}}],"collection":[{"href":"https:\/\/miamilakesmedicalcenter.com\/es\/wp-json\/wp\/v2\/pages"}],"about":[{"href":"https:\/\/miamilakesmedicalcenter.com\/es\/wp-json\/wp\/v2\/types\/page"}],"author":[{"embeddable":true,"href":"https:\/\/miamilakesmedicalcenter.com\/es\/wp-json\/wp\/v2\/users\/3"}],"replies":[{"embeddable":true,"href":"https:\/\/miamilakesmedicalcenter.com\/es\/wp-json\/wp\/v2\/comments?post=5344"}],"version-history":[{"count":3,"href":"https:\/\/miamilakesmedicalcenter.com\/es\/wp-json\/wp\/v2\/pages\/5344\/revisions"}],"predecessor-version":[{"id":9308,"href":"https:\/\/miamilakesmedicalcenter.com\/es\/wp-json\/wp\/v2\/pages\/5344\/revisions\/9308"}],"wp:attachment":[{"href":"https:\/\/miamilakesmedicalcenter.com\/es\/wp-json\/wp\/v2\/media?parent=5344"}],"curies":[{"name":"wp","href":"https:\/\/api.w.org\/{rel}","templated":true}]}}