{"id":9656,"date":"2025-11-17T18:59:32","date_gmt":"2025-11-17T18:59:32","guid":{"rendered":"https:\/\/miamilakesmedicalcenter.com\/declaracion-de-accesibilidad\/"},"modified":"2025-11-17T18:59:32","modified_gmt":"2025-11-17T18:59:32","slug":"declaracion-de-accesibilidad","status":"publish","type":"page","link":"https:\/\/miamilakesmedicalcenter.com\/es\/declaracion-de-accesibilidad\/","title":{"rendered":"Declaraci\u00f3n de Accesibilidad"},"content":{"rendered":"<h2 style=\"text-align: center;\"><\/h2>\n<p style=\"text-align: left;\"><b>Fecha de Entrada en Vigor:<\/b><span style=\"font-weight: 400;\"> 11-1-2025<\/span><span style=\"font-weight: 400;\"><br \/>\n<\/span><b>\u00daltima Actualizaci\u00f3n:<\/b><span style=\"font-weight: 400;\"> 11-1-2025<\/span><\/p>\n<h3 style=\"text-align: left;\"><b>Nuestro Compromiso con la Accesibilidad<\/b><\/h3>\n<p style=\"text-align: left;\"><span style=\"font-weight: 400;\">En <\/span><b>Miami Lakes Medical Center<\/b>, <span style=\"font-weight: 400;\">estamos comprometidos a garantizar que nuestro sitio web, www.miamilakesmedicalcenter.com, sea accesible para todos, incluidas las personas con discapacidades.<\/span><br \/>\n<span style=\"font-weight: 400;\">Trabajamos continuamente para mejorar la accesibilidad y usabilidad de nuestro sitio para que todos los pacientes y visitantes puedan acceder a nuestra informaci\u00f3n, servicios y recursos sin barreras.<\/span><\/p>\n<p style=\"text-align: left;\"><span style=\"font-weight: 400;\">Nuestro objetivo es cumplir con todos los est\u00e1ndares de accesibilidad aplicables<\/span>, incluida la <b>Secci\u00f3n 508 de la Ley de Rehabilitaci\u00f3n<\/b> y las <b>Pautas de Accesibilidad para el Contenido Web (WCAG) 2.1 Nivel AA<\/b>.<\/p>\n<h3 style=\"text-align: left;\"><b>Caracter\u00edsticas de Accesibilidad en Nuestro Sitio Web<\/b><\/h3>\n<p style=\"text-align: left;\"><span style=\"font-weight: 400;\">Para ayudar a garantizar la accesibilidad, nuestro sitio web incluye (o est\u00e1 siendo actualizado para incluir):<\/span><\/p>\n<ul style=\"text-align: left;\">\n<li style=\"font-weight: 400;\" aria-level=\"1\"><span style=\"font-weight: 400;\">Alternativas textuales (texto alternativo) para contenido no textual, como im\u00e1genes e iconos.<\/span>&nbsp;<\/li>\n<li style=\"font-weight: 400;\" aria-level=\"1\"><span style=\"font-weight: 400;\">Una estructura de encabezados adecuada para la navegaci\u00f3n con lectores de pantalla.<\/span>&nbsp;<\/li>\n<li style=\"font-weight: 400;\" aria-level=\"1\"><span style=\"font-weight: 400;\">Colores de alto contraste para facilitar la lectura.<\/span>&nbsp;<\/li>\n<li style=\"font-weight: 400;\" aria-level=\"1\"><span style=\"font-weight: 400;\">Soporte para navegaci\u00f3n por teclado.<\/span>&nbsp;<\/li>\n<li style=\"font-weight: 400;\" aria-level=\"1\"><span style=\"font-weight: 400;\">Dise\u00f1os y etiquetas de p\u00e1gina claros y consistentes.<\/span>&nbsp;<\/li>\n<li style=\"font-weight: 400;\" aria-level=\"1\"><span style=\"font-weight: 400;\">Subt\u00edtulos o transcripciones para los v\u00eddeos, cuando corresponda.<\/span>&nbsp;<\/li>\n<\/ul>\n<p style=\"text-align: left;\"><span style=\"font-weight: 400;\">Revisamos y probamos regularmente nuestro sitio web para identificar y corregir posibles problemas de accesibilidad.<\/span><\/p>\n<h3 style=\"text-align: left;\"><b>Esfuerzos Continuos<\/b><\/h3>\n<p style=\"text-align: left;\"><span style=\"font-weight: 400;\">Miami Lakes Medical Center se dedica a mantener un entorno digital inclusivo.<\/span><span style=\"font-weight: 400;\"><br \/>\n<\/span><span style=\"font-weight: 400;\"> Trabajamos con nuestro equipo web y proveedores externos para monitorizar el cumplimiento de la accesibilidad y realizar mejoras a medida que evolucionan la tecnolog\u00eda y los est\u00e1ndares.<\/span><\/p>\n<p style=\"text-align: left;\"><span style=\"font-weight: 400;\">Agradecemos los comentarios de usuarios de todas las capacidades y estamos encantados de proporcionar informaci\u00f3n o asistencia a trav\u00e9s de medios alternativos cuando sea necesario.<\/span><\/p>\n<h3 style=\"text-align: left;\"><b>Contenido de Terceros<\/b><\/h3>\n<p style=\"text-align: left;\"><span style=\"font-weight: 400;\">Algunas p\u00e1ginas de nuestro sitio web pueden incluir contenido incrustado o enlaces a sitios de terceros (por ejemplo, plataformas de redes sociales o de programaci\u00f3n de citas).<\/span><span style=\"font-weight: 400;\"><br \/>\n<\/span><span style=\"font-weight: 400;\"> Si bien no podemos controlar la accesibilidad del contenido proporcionado por estos sitios web externos, alentamos a todos los terceros a ofrecer experiencias accesibles y f\u00e1ciles de usar.<\/span><\/p>\n<h3 style=\"text-align: left;\"><b>\u00bfNecesita Asistencia o Quiere Reportar un Problema?<\/b><\/h3>\n<p style=\"text-align: left;\"><span style=\"font-weight: 400;\">Si encuentra cualquier barrera de accesibilidad mientras usa nuestro sitio web o necesita ayuda para acceder a nuestros servicios, por favor cont\u00e1ctenos:<\/span><\/p>\n<p style=\"text-align: left;\"><b>Miami Lakes Medical Center<\/b><b><br \/>\n<\/b><span style=\"font-weight: 400;\"> \ud83d\udccd 15536 NW 77th Ct, Miami Lakes, FL 33016<\/span><span style=\"font-weight: 400;\"><br \/>\n<\/span><span style=\"font-weight: 400;\"> \ud83d\udcde (305) 621-8051<\/span><span style=\"font-weight: 400;\"><br \/>\n<\/span><span style=\"font-weight: 400;\"> \ud83d\udce7 info@miamilakesmedicalcenter.com<\/span><\/p>\n<p style=\"text-align: left;\"><span style=\"font-weight: 400;\">Por favor, describa el problema que experiment\u00f3, la p\u00e1gina en la que se encontraba y cualquier tecnolog\u00eda de asistencia que estuviera utilizando (si corresponde). Haremos todo lo posible para resolver el problema de manera oportuna y proporcionarle la informaci\u00f3n que necesita en un formato accesible. <\/span><\/p>\n<h3 style=\"text-align: left;\"><b>Mejora Continua<\/b><\/h3>\n<p style=\"text-align: left;\"><span style=\"font-weight: 400;\">Estamos comprometidos con la mejora continua de la accesibilidad.<\/span><span style=\"font-weight: 400;\"><br \/>\n<\/span><span style=\"font-weight: 400;\"> Nuestro objetivo es que cada visitante\u2014sin importar sus capacidades\u2014tenga la misma oportunidad de acceder a nuestros servicios, informarse sobre nuestros tratamientos y contactar a nuestro equipo m\u00e9dico de forma f\u00e1cil e independiente.<\/span><\/p>\n","protected":false},"excerpt":{"rendered":"<p>Fecha de Entrada en Vigor: 11-1-2025 \u00daltima Actualizaci\u00f3n: 11-1-2025 Nuestro Compromiso con la Accesibilidad En Miami Lakes Medical Center, estamos comprometidos a garantizar que nuestro sitio web, www.miamilakesmedicalcenter.com, sea accesible para todos, incluidas las personas con discapacidades. Trabajamos continuamente para mejorar la accesibilidad y usabilidad de nuestro sitio para que todos los pacientes y visitantes puedan acceder a nuestra informaci\u00f3n, servicios y recursos sin barreras. Nuestro objetivo es cumplir con todos los est\u00e1ndares de accesibilidad aplicables, incluida la Secci\u00f3n 508 de la Ley de Rehabilitaci\u00f3n y las Pautas de Accesibilidad para el Contenido Web (WCAG) 2.1 Nivel AA. Caracter\u00edsticas de Accesibilidad en Nuestro Sitio Web Para ayudar a garantizar la accesibilidad, nuestro sitio web incluye (o est\u00e1 siendo actualizado para incluir): Alternativas textuales (texto alternativo) para contenido no textual, como im\u00e1genes e iconos.&nbsp; Una estructura de encabezados adecuada para la navegaci\u00f3n con lectores de pantalla.&nbsp; Colores de alto contraste para facilitar la lectura.&nbsp; Soporte para navegaci\u00f3n por teclado.&nbsp; Dise\u00f1os y etiquetas de p\u00e1gina claros y consistentes.&nbsp; Subt\u00edtulos o transcripciones para los v\u00eddeos, cuando corresponda.&nbsp; Revisamos y probamos regularmente nuestro sitio web para identificar y corregir posibles problemas de accesibilidad. Esfuerzos Continuos Miami Lakes Medical Center se dedica a mantener un entorno digital inclusivo. Trabajamos con nuestro equipo web y proveedores externos para monitorizar el cumplimiento de la accesibilidad y realizar mejoras a medida que evolucionan la tecnolog\u00eda y los est\u00e1ndares. Agradecemos los comentarios de usuarios de todas las capacidades y estamos encantados de proporcionar informaci\u00f3n o asistencia a trav\u00e9s de medios alternativos cuando sea necesario. Contenido de Terceros Algunas p\u00e1ginas de nuestro sitio web pueden incluir contenido incrustado o enlaces a sitios de terceros (por ejemplo, plataformas de redes sociales o de programaci\u00f3n de citas). Si bien no podemos controlar la accesibilidad del contenido proporcionado por estos sitios web externos, alentamos a todos los terceros a ofrecer experiencias accesibles y f\u00e1ciles de usar. \u00bfNecesita Asistencia o Quiere Reportar un Problema? Si encuentra cualquier barrera de accesibilidad mientras usa nuestro sitio web o necesita ayuda para acceder a nuestros servicios, por favor cont\u00e1ctenos: Miami Lakes Medical Center \ud83d\udccd 15536 NW 77th Ct, Miami Lakes, FL 33016 \ud83d\udcde (305) 621-8051 \ud83d\udce7 info@miamilakesmedicalcenter.com Por favor, describa el problema que experiment\u00f3, la p\u00e1gina en la que se encontraba y cualquier tecnolog\u00eda de asistencia que estuviera utilizando (si corresponde). Haremos todo lo posible para resolver el problema de manera oportuna y proporcionarle la informaci\u00f3n que necesita en un formato accesible. Mejora Continua Estamos comprometidos con la mejora continua de la accesibilidad. Nuestro objetivo es que cada visitante\u2014sin importar sus capacidades\u2014tenga la misma oportunidad de acceder a nuestros servicios, informarse sobre nuestros tratamientos y contactar a nuestro equipo m\u00e9dico de forma f\u00e1cil e independiente.<\/p>\n","protected":false},"author":3,"featured_media":0,"parent":0,"menu_order":0,"comment_status":"closed","ping_status":"closed","template":"","meta":{"_acf_changed":false,"footnotes":""},"class_list":["post-9656","page","type-page","status-publish","hentry"],"acf":[],"_links":{"self":[{"href":"https:\/\/miamilakesmedicalcenter.com\/es\/wp-json\/wp\/v2\/pages\/9656","targetHints":{"allow":["GET"]}}],"collection":[{"href":"https:\/\/miamilakesmedicalcenter.com\/es\/wp-json\/wp\/v2\/pages"}],"about":[{"href":"https:\/\/miamilakesmedicalcenter.com\/es\/wp-json\/wp\/v2\/types\/page"}],"author":[{"embeddable":true,"href":"https:\/\/miamilakesmedicalcenter.com\/es\/wp-json\/wp\/v2\/users\/3"}],"replies":[{"embeddable":true,"href":"https:\/\/miamilakesmedicalcenter.com\/es\/wp-json\/wp\/v2\/comments?post=9656"}],"version-history":[{"count":0,"href":"https:\/\/miamilakesmedicalcenter.com\/es\/wp-json\/wp\/v2\/pages\/9656\/revisions"}],"wp:attachment":[{"href":"https:\/\/miamilakesmedicalcenter.com\/es\/wp-json\/wp\/v2\/media?parent=9656"}],"curies":[{"name":"wp","href":"https:\/\/api.w.org\/{rel}","templated":true}]}}